{"id":160,"date":"2018-06-15T12:18:18","date_gmt":"2018-06-15T10:18:18","guid":{"rendered":"https:\/\/onpartenvrac-drive.com\/?page_id=160"},"modified":"2020-11-16T08:43:45","modified_gmt":"2020-11-16T07:43:45","slug":"consigne","status":"publish","type":"page","link":"https:\/\/onpartenvrac-drive.com\/index.php\/consigne\/","title":{"rendered":"Consigne"},"content":{"rendered":"<section id=\"consigne\" class=\"how-to-page\">\n<div class=\"container\">\n<div class=\"row\">\n<div class=\"col-sm-6 col-sm-offset-3\">\n<h2 class=\"module-title font-alt howto-banners\"><\/h2>\n<\/div>\n<\/div>\n<div class=\"row\">\n<div class=\"half-row\">\n<div class=\"content-half\"><img decoding=\"async\" data-src=\"https:\/\/onpartenvrac-drive.com\/wp-content\/uploads\/2018\/07\/P1060297.jpg\" alt=\"Consigne\" src=\"data:image\/gif;base64,R0lGODlhAQABAAAAACH5BAEKAAEALAAAAAABAAEAAAICTAEAOw==\" class=\"lazyload\" style=\"--smush-placeholder-width: 4000px; --smush-placeholder-aspect-ratio: 4000\/3000;\" \/><\/div>\n<\/div>\n<div class=\"half-row\">\n<div class=\"content-half\">\n<p>La consigne des emballages pour r\u00e9utilisation a \u00e9t\u00e9 pratiquement abandonn\u00e9e en France dans les ann\u00e9es 80. Pourtant, elle constitue une mesure de choix face aux d\u00e9fis environnementaux et \u00e9conomiques.<br \/>\nOn reste donc dans la d\u00e9marche en vous la proposant pour les commandes en ligne !<\/p>\n<p>On adapte le contenant au contenu :<\/p>\n<ul>\n<li>Pour le riz, les p\u00e2tes, l\u00e9gumes secs&#8230; on consigne un sac \u00e0 vrac apte au contact alimentaire.<\/li>\n<li>Pour les biscuits ap\u00e9ro, fruits secs&#8230;on consigne un bocal en verre.<\/li>\n<li>Pour l&rsquo;huile et le vinaigre, on consigne en bouteille en verre \u00e0 bouchon m\u00e9canique<\/li>\n<li>Pour les produits d&rsquo;entretien&#8230;on consigne les bouteilles adapt\u00e9es aux produits d&rsquo;entretien.<\/li>\n<\/ul>\n<p>A chaque produit son contenant !<\/p>\n<p>Le prix de la consigne varie entre 1\u20ac et 2\u20ac, elle vous est restitu\u00e9e au retour de celle-ci.<\/p>\n<p><strong>Petite particularit\u00e9<\/strong> pour l&rsquo;huile, le vinaigre et les sirops, la consigne co\u00fbte 2\u20ac et le retour consigne est de 1\u20ac.<\/p>\n<p>Nous vous invitons \u00e0 privil\u00e9gier le remplissage au camion pour ce type de produit.<\/p>\n<\/div>\n<\/div>\n<\/div>\n<\/div>\n<\/section>\n","protected":false},"excerpt":{"rendered":"<p>La consigne des emballages pour r\u00e9utilisation a \u00e9t\u00e9 pratiquement abandonn\u00e9e en France dans les ann\u00e9es 80. Pourtant, elle constitue une mesure de choix face aux d\u00e9fis environnementaux et \u00e9conomiques. On reste donc dans la d\u00e9marche en vous la proposant pour les commandes en ligne ! On adapte le contenant au contenu : Pour le riz, [&hellip;]<\/p>\n","protected":false},"author":1,"featured_media":2758,"parent":0,"menu_order":0,"comment_status":"closed","ping_status":"closed","template":"template-fullwidth.php","meta":{"_acf_changed":false,"footnotes":""},"class_list":["post-160","page","type-page","status-publish","has-post-thumbnail","hentry"],"acf":[],"_links":{"self":[{"href":"https:\/\/onpartenvrac-drive.com\/index.php\/wp-json\/wp\/v2\/pages\/160","targetHints":{"allow":["GET"]}}],"collection":[{"href":"https:\/\/onpartenvrac-drive.com\/index.php\/wp-json\/wp\/v2\/pages"}],"about":[{"href":"https:\/\/onpartenvrac-drive.com\/index.php\/wp-json\/wp\/v2\/types\/page"}],"author":[{"embeddable":true,"href":"https:\/\/onpartenvrac-drive.com\/index.php\/wp-json\/wp\/v2\/users\/1"}],"replies":[{"embeddable":true,"href":"https:\/\/onpartenvrac-drive.com\/index.php\/wp-json\/wp\/v2\/comments?post=160"}],"version-history":[{"count":0,"href":"https:\/\/onpartenvrac-drive.com\/index.php\/wp-json\/wp\/v2\/pages\/160\/revisions"}],"wp:featuredmedia":[{"embeddable":true,"href":"https:\/\/onpartenvrac-drive.com\/index.php\/wp-json\/wp\/v2\/media\/2758"}],"wp:attachment":[{"href":"https:\/\/onpartenvrac-drive.com\/index.php\/wp-json\/wp\/v2\/media?parent=160"}],"curies":[{"name":"wp","href":"https:\/\/api.w.org\/{rel}","templated":true}]}}