{"id":162,"date":"2018-06-15T12:18:59","date_gmt":"2018-06-15T10:18:59","guid":{"rendered":"https:\/\/onpartenvrac-drive.com\/?page_id=162"},"modified":"2025-10-21T08:57:29","modified_gmt":"2025-10-21T06:57:29","slug":"points-retrait","status":"publish","type":"page","link":"https:\/\/onpartenvrac-drive.com\/index.php\/points-retrait\/","title":{"rendered":"Points retrait"},"content":{"rendered":"<div class=\"wp-block-group\"><div class=\"wp-block-group__inner-container is-layout-flow wp-block-group-is-layout-flow\"><section id=\"retrait\" class=\"how-to-page\">\n<div class=\"container\">\n<div class=\"row\">\n<div class=\"col-sm-6 col-sm-offset-3\">\n<h2 class=\"module-title font-alt howto-banners\">au march\u00e9 ou dans un commerce de proximit\u00e9 mais aussi livraison \u00e0 domicile gratuite sur la m\u00e9tropole Lilloise d\u00e8s 50\u20ac d&rsquo;achat<\/h2>\n<\/div>\n<\/div>\n<div class=\"row\">\n<div class=\"half-row\">\n<h3>March\u00e9s<\/h3>\n<ul>\n<li><b>Lambersart Canteleu<\/b><br>Rue de l&rsquo;\u00e9glise <br>Mercredi : 8h &#8211; 13h<\/li>\n<li><b>La Madeleine<\/b><br>Place des Fusill\u00e9s et D\u00e9port\u00e9s <br>Vendredi : 8h -13h<\/li>\n<li><b>Hellemmes<\/b><br>Place Hentg\u00e8s <br>Samedi : 8h &#8211; 13h<\/li>\n<li><b>Lille Fives<\/b><br>Place Madeleine Caulier <br>Dimanche : 8h30 &#8211; 13h<\/li>\n\n<\/ul>\n<\/div>\n<div class=\"half-row\">\n<h3>Commerces de proximit\u00e9<\/h3>\n<ul>\n<li><b>Loos ESAT Renaissance <\/b><br>50 avenue Pierre Mauroy <br>Retrait lundi, mardi, mercredi, jeudi, vendredi 8h30 17h00 <\/li>\n<\/ul>\n<\/div>\n<\/div>\n<\/div>\n<\/section><\/div><\/div>","protected":false},"excerpt":{"rendered":"<p>au march\u00e9 ou dans un commerce de proximit\u00e9 mais aussi livraison \u00e0 domicile gratuite sur la m\u00e9tropole Lilloise d\u00e8s 50\u20ac d&rsquo;achat March\u00e9s Lambersart CanteleuRue de l&rsquo;\u00e9glise Mercredi : 8h &#8211; 13h La MadeleinePlace des Fusill\u00e9s et D\u00e9port\u00e9s Vendredi : 8h -13h HellemmesPlace Hentg\u00e8s Samedi : 8h &#8211; 13h Lille FivesPlace Madeleine Caulier Dimanche : 8h30 [&hellip;]<\/p>\n","protected":false},"author":1,"featured_media":2759,"parent":0,"menu_order":0,"comment_status":"closed","ping_status":"closed","template":"template-fullwidth.php","meta":{"_acf_changed":false,"footnotes":""},"class_list":["post-162","page","type-page","status-publish","has-post-thumbnail","hentry"],"acf":[],"_links":{"self":[{"href":"https:\/\/onpartenvrac-drive.com\/index.php\/wp-json\/wp\/v2\/pages\/162","targetHints":{"allow":["GET"]}}],"collection":[{"href":"https:\/\/onpartenvrac-drive.com\/index.php\/wp-json\/wp\/v2\/pages"}],"about":[{"href":"https:\/\/onpartenvrac-drive.com\/index.php\/wp-json\/wp\/v2\/types\/page"}],"author":[{"embeddable":true,"href":"https:\/\/onpartenvrac-drive.com\/index.php\/wp-json\/wp\/v2\/users\/1"}],"replies":[{"embeddable":true,"href":"https:\/\/onpartenvrac-drive.com\/index.php\/wp-json\/wp\/v2\/comments?post=162"}],"version-history":[{"count":1,"href":"https:\/\/onpartenvrac-drive.com\/index.php\/wp-json\/wp\/v2\/pages\/162\/revisions"}],"predecessor-version":[{"id":17881,"href":"https:\/\/onpartenvrac-drive.com\/index.php\/wp-json\/wp\/v2\/pages\/162\/revisions\/17881"}],"wp:featuredmedia":[{"embeddable":true,"href":"https:\/\/onpartenvrac-drive.com\/index.php\/wp-json\/wp\/v2\/media\/2759"}],"wp:attachment":[{"href":"https:\/\/onpartenvrac-drive.com\/index.php\/wp-json\/wp\/v2\/media?parent=162"}],"curies":[{"name":"wp","href":"https:\/\/api.w.org\/{rel}","templated":true}]}}