{"id":10255,"date":"2020-08-06T15:31:24","date_gmt":"2020-08-06T13:31:24","guid":{"rendered":"https:\/\/onpartenvrac-drive.com\/?post_type=product&#038;p=10255"},"modified":"2021-05-24T14:24:59","modified_gmt":"2021-05-24T12:24:59","slug":"paille-telescopique-inox-avec-brosse-et-support-rose-ou-noir","status":"publish","type":"product","link":"https:\/\/onpartenvrac-drive.com\/index.php\/produit\/paille-telescopique-inox-avec-brosse-et-support-rose-ou-noir\/","title":{"rendered":"Paille t\u00e9l\u00e9scopique inox  avec brosse et support ros\u00e9 ou noir"},"content":{"rendered":"","protected":false},"excerpt":{"rendered":"","protected":false},"featured_media":10259,"template":"","meta":{"_acf_changed":false},"product_brand":[],"product_cat":[424,17,51,54],"product_tag":[],"class_list":{"0":"post-10255","1":"product","2":"type-product","3":"status-publish","4":"has-post-thumbnail","6":"product_cat-moins-de-20e","7":"product_cat-indispensables","8":"product_cat-dans-la-cuisine","9":"product_cat-pour-se-faire-ou-faire-plaisir","11":"first","12":"instock","13":"shipping-taxable","14":"purchasable","15":"product-type-simple"},"acf":[],"_links":{"self":[{"href":"https:\/\/onpartenvrac-drive.com\/index.php\/wp-json\/wp\/v2\/product\/10255","targetHints":{"allow":["GET"]}}],"collection":[{"href":"https:\/\/onpartenvrac-drive.com\/index.php\/wp-json\/wp\/v2\/product"}],"about":[{"href":"https:\/\/onpartenvrac-drive.com\/index.php\/wp-json\/wp\/v2\/types\/product"}],"wp:featuredmedia":[{"embeddable":true,"href":"https:\/\/onpartenvrac-drive.com\/index.php\/wp-json\/wp\/v2\/media\/10259"}],"wp:attachment":[{"href":"https:\/\/onpartenvrac-drive.com\/index.php\/wp-json\/wp\/v2\/media?parent=10255"}],"wp:term":[{"taxonomy":"product_brand","embeddable":true,"href":"https:\/\/onpartenvrac-drive.com\/index.php\/wp-json\/wp\/v2\/product_brand?post=10255"},{"taxonomy":"product_cat","embeddable":true,"href":"https:\/\/onpartenvrac-drive.com\/index.php\/wp-json\/wp\/v2\/product_cat?post=10255"},{"taxonomy":"product_tag","embeddable":true,"href":"https:\/\/onpartenvrac-drive.com\/index.php\/wp-json\/wp\/v2\/product_tag?post=10255"}],"curies":[{"name":"wp","href":"https:\/\/api.w.org\/{rel}","templated":true}]}}