{"id":11914,"date":"2020-12-09T09:52:11","date_gmt":"2020-12-09T08:52:11","guid":{"rendered":"https:\/\/onpartenvrac-drive.com\/?post_type=product&#038;p=11914"},"modified":"2020-12-11T21:37:58","modified_gmt":"2020-12-11T20:37:58","slug":"pot-a-crayons-en-matiere-recycle-local","status":"publish","type":"product","link":"https:\/\/onpartenvrac-drive.com\/index.php\/produit\/pot-a-crayons-en-matiere-recycle-local\/","title":{"rendered":"Pot \u00e0 crayons en mati\u00e8re recycl\u00e9e &#8211; local"},"content":{"rendered":"","protected":false},"excerpt":{"rendered":"","protected":false},"featured_media":11921,"template":"","meta":{"_acf_changed":false},"product_brand":[],"product_cat":[424,17,54],"product_tag":[],"class_list":{"0":"post-11914","1":"product","2":"type-product","3":"status-publish","4":"has-post-thumbnail","6":"product_cat-moins-de-20e","7":"product_cat-indispensables","8":"product_cat-pour-se-faire-ou-faire-plaisir","10":"first","11":"instock","12":"shipping-taxable","13":"purchasable","14":"product-type-variable"},"acf":[],"_links":{"self":[{"href":"https:\/\/onpartenvrac-drive.com\/index.php\/wp-json\/wp\/v2\/product\/11914","targetHints":{"allow":["GET"]}}],"collection":[{"href":"https:\/\/onpartenvrac-drive.com\/index.php\/wp-json\/wp\/v2\/product"}],"about":[{"href":"https:\/\/onpartenvrac-drive.com\/index.php\/wp-json\/wp\/v2\/types\/product"}],"wp:featuredmedia":[{"embeddable":true,"href":"https:\/\/onpartenvrac-drive.com\/index.php\/wp-json\/wp\/v2\/media\/11921"}],"wp:attachment":[{"href":"https:\/\/onpartenvrac-drive.com\/index.php\/wp-json\/wp\/v2\/media?parent=11914"}],"wp:term":[{"taxonomy":"product_brand","embeddable":true,"href":"https:\/\/onpartenvrac-drive.com\/index.php\/wp-json\/wp\/v2\/product_brand?post=11914"},{"taxonomy":"product_cat","embeddable":true,"href":"https:\/\/onpartenvrac-drive.com\/index.php\/wp-json\/wp\/v2\/product_cat?post=11914"},{"taxonomy":"product_tag","embeddable":true,"href":"https:\/\/onpartenvrac-drive.com\/index.php\/wp-json\/wp\/v2\/product_tag?post=11914"}],"curies":[{"name":"wp","href":"https:\/\/api.w.org\/{rel}","templated":true}]}}