{"id":13690,"date":"2021-07-13T09:31:58","date_gmt":"2021-07-13T07:31:58","guid":{"rendered":"https:\/\/onpartenvrac-drive.com\/?post_type=product&#038;p=13690"},"modified":"2021-07-13T09:53:55","modified_gmt":"2021-07-13T07:53:55","slug":"oriculi-coton-tige-bebe-reutilisable","status":"publish","type":"product","link":"https:\/\/onpartenvrac-drive.com\/index.php\/produit\/oriculi-coton-tige-bebe-reutilisable\/","title":{"rendered":"Oriculi coton tige b\u00e9b\u00e9 r\u00e9utilisable"},"content":{"rendered":"","protected":false},"excerpt":{"rendered":"","protected":false},"featured_media":13697,"template":"","meta":{"_acf_changed":false},"product_brand":[],"product_cat":[19,43],"product_tag":[],"class_list":{"0":"post-13690","1":"product","2":"type-product","3":"status-publish","4":"has-post-thumbnail","6":"product_cat-savons-cosmetiques","7":"product_cat-visage","9":"first","10":"instock","11":"shipping-taxable","12":"purchasable","13":"product-type-variable"},"acf":[],"_links":{"self":[{"href":"https:\/\/onpartenvrac-drive.com\/index.php\/wp-json\/wp\/v2\/product\/13690","targetHints":{"allow":["GET"]}}],"collection":[{"href":"https:\/\/onpartenvrac-drive.com\/index.php\/wp-json\/wp\/v2\/product"}],"about":[{"href":"https:\/\/onpartenvrac-drive.com\/index.php\/wp-json\/wp\/v2\/types\/product"}],"wp:featuredmedia":[{"embeddable":true,"href":"https:\/\/onpartenvrac-drive.com\/index.php\/wp-json\/wp\/v2\/media\/13697"}],"wp:attachment":[{"href":"https:\/\/onpartenvrac-drive.com\/index.php\/wp-json\/wp\/v2\/media?parent=13690"}],"wp:term":[{"taxonomy":"product_brand","embeddable":true,"href":"https:\/\/onpartenvrac-drive.com\/index.php\/wp-json\/wp\/v2\/product_brand?post=13690"},{"taxonomy":"product_cat","embeddable":true,"href":"https:\/\/onpartenvrac-drive.com\/index.php\/wp-json\/wp\/v2\/product_cat?post=13690"},{"taxonomy":"product_tag","embeddable":true,"href":"https:\/\/onpartenvrac-drive.com\/index.php\/wp-json\/wp\/v2\/product_tag?post=13690"}],"curies":[{"name":"wp","href":"https:\/\/api.w.org\/{rel}","templated":true}]}}