{"id":14254,"date":"2021-10-23T16:30:54","date_gmt":"2021-10-23T14:30:54","guid":{"rendered":"https:\/\/onpartenvrac-drive.com\/?post_type=product&#038;p=14254"},"modified":"2022-11-01T12:47:00","modified_gmt":"2022-11-01T11:47:00","slug":"cartes-a-planter-fete-de-fin-dannee","status":"publish","type":"product","link":"https:\/\/onpartenvrac-drive.com\/index.php\/produit\/cartes-a-planter-fete-de-fin-dannee\/","title":{"rendered":"Cartes \u00e0 planter &#8211; f\u00eate de fin d&rsquo;ann\u00e9e"},"content":{"rendered":"","protected":false},"excerpt":{"rendered":"","protected":false},"featured_media":14328,"template":"","meta":{"_acf_changed":false},"product_brand":[],"product_cat":[424,17,54],"product_tag":[],"class_list":{"0":"post-14254","1":"product","2":"type-product","3":"status-publish","4":"has-post-thumbnail","6":"product_cat-moins-de-20e","7":"product_cat-indispensables","8":"product_cat-pour-se-faire-ou-faire-plaisir","10":"first","11":"instock","12":"shipping-taxable","13":"purchasable","14":"product-type-variable"},"acf":[],"_links":{"self":[{"href":"https:\/\/onpartenvrac-drive.com\/index.php\/wp-json\/wp\/v2\/product\/14254","targetHints":{"allow":["GET"]}}],"collection":[{"href":"https:\/\/onpartenvrac-drive.com\/index.php\/wp-json\/wp\/v2\/product"}],"about":[{"href":"https:\/\/onpartenvrac-drive.com\/index.php\/wp-json\/wp\/v2\/types\/product"}],"wp:featuredmedia":[{"embeddable":true,"href":"https:\/\/onpartenvrac-drive.com\/index.php\/wp-json\/wp\/v2\/media\/14328"}],"wp:attachment":[{"href":"https:\/\/onpartenvrac-drive.com\/index.php\/wp-json\/wp\/v2\/media?parent=14254"}],"wp:term":[{"taxonomy":"product_brand","embeddable":true,"href":"https:\/\/onpartenvrac-drive.com\/index.php\/wp-json\/wp\/v2\/product_brand?post=14254"},{"taxonomy":"product_cat","embeddable":true,"href":"https:\/\/onpartenvrac-drive.com\/index.php\/wp-json\/wp\/v2\/product_cat?post=14254"},{"taxonomy":"product_tag","embeddable":true,"href":"https:\/\/onpartenvrac-drive.com\/index.php\/wp-json\/wp\/v2\/product_tag?post=14254"}],"curies":[{"name":"wp","href":"https:\/\/api.w.org\/{rel}","templated":true}]}}