{"id":17867,"date":"2025-10-17T12:44:09","date_gmt":"2025-10-17T10:44:09","guid":{"rendered":"https:\/\/onpartenvrac-drive.com\/?post_type=product&#038;p=17867"},"modified":"2026-04-02T16:59:29","modified_gmt":"2026-04-02T14:59:29","slug":"beurre-de-karite-nutri-karite-beurre-extra-pur-bio-100g-fer-a-cheval","status":"publish","type":"product","link":"https:\/\/onpartenvrac-drive.com\/index.php\/produit\/beurre-de-karite-nutri-karite-beurre-extra-pur-bio-100g-fer-a-cheval\/","title":{"rendered":"Beurre de karit\u00e9 &#8211; Nutri Karit\u00e9 Beurre Extra Pur Bio 100g &#8211; Fer \u00e0 Cheval"},"content":{"rendered":"","protected":false},"excerpt":{"rendered":"","protected":false},"featured_media":17868,"template":"","meta":{"_acf_changed":false},"product_brand":[],"product_cat":[19,47,43],"product_tag":[],"class_list":{"0":"post-17867","1":"product","2":"type-product","3":"status-publish","4":"has-post-thumbnail","6":"product_cat-savons-cosmetiques","7":"product_cat-soins","8":"product_cat-visage","10":"first","11":"instock","12":"shipping-taxable","13":"purchasable","14":"product-type-simple"},"acf":[],"_links":{"self":[{"href":"https:\/\/onpartenvrac-drive.com\/index.php\/wp-json\/wp\/v2\/product\/17867","targetHints":{"allow":["GET"]}}],"collection":[{"href":"https:\/\/onpartenvrac-drive.com\/index.php\/wp-json\/wp\/v2\/product"}],"about":[{"href":"https:\/\/onpartenvrac-drive.com\/index.php\/wp-json\/wp\/v2\/types\/product"}],"wp:featuredmedia":[{"embeddable":true,"href":"https:\/\/onpartenvrac-drive.com\/index.php\/wp-json\/wp\/v2\/media\/17868"}],"wp:attachment":[{"href":"https:\/\/onpartenvrac-drive.com\/index.php\/wp-json\/wp\/v2\/media?parent=17867"}],"wp:term":[{"taxonomy":"product_brand","embeddable":true,"href":"https:\/\/onpartenvrac-drive.com\/index.php\/wp-json\/wp\/v2\/product_brand?post=17867"},{"taxonomy":"product_cat","embeddable":true,"href":"https:\/\/onpartenvrac-drive.com\/index.php\/wp-json\/wp\/v2\/product_cat?post=17867"},{"taxonomy":"product_tag","embeddable":true,"href":"https:\/\/onpartenvrac-drive.com\/index.php\/wp-json\/wp\/v2\/product_tag?post=17867"}],"curies":[{"name":"wp","href":"https:\/\/api.w.org\/{rel}","templated":true}]}}