{"id":17977,"date":"2025-12-11T17:26:38","date_gmt":"2025-12-11T16:26:38","guid":{"rendered":"https:\/\/onpartenvrac-drive.com\/?post_type=product&#038;p=17977"},"modified":"2025-12-11T17:28:34","modified_gmt":"2025-12-11T16:28:34","slug":"baume-deodorant-solide-vegetal-bio-menthe-poivree-et-ravintsara-antheya-calais-59-copie","status":"publish","type":"product","link":"https:\/\/onpartenvrac-drive.com\/index.php\/produit\/baume-deodorant-solide-vegetal-bio-menthe-poivree-et-ravintsara-antheya-calais-59-copie\/","title":{"rendered":"Baume d\u00e9odorant solide v\u00e9g\u00e9tal bio &#8211; Menthe poivr\u00e9e et ravintsara &#8211; Antheya &#8211; Calais (59) (Copie)"},"content":{"rendered":"","protected":false},"excerpt":{"rendered":"","protected":false},"featured_media":17978,"template":"","meta":{"_acf_changed":false},"product_brand":[],"product_cat":[19,46],"product_tag":[],"class_list":{"0":"post-17977","1":"product","2":"type-product","3":"status-publish","4":"has-post-thumbnail","6":"product_cat-savons-cosmetiques","7":"product_cat-deo","9":"first","10":"instock","11":"shipping-taxable","12":"purchasable","13":"product-type-simple"},"acf":[],"_links":{"self":[{"href":"https:\/\/onpartenvrac-drive.com\/index.php\/wp-json\/wp\/v2\/product\/17977","targetHints":{"allow":["GET"]}}],"collection":[{"href":"https:\/\/onpartenvrac-drive.com\/index.php\/wp-json\/wp\/v2\/product"}],"about":[{"href":"https:\/\/onpartenvrac-drive.com\/index.php\/wp-json\/wp\/v2\/types\/product"}],"wp:featuredmedia":[{"embeddable":true,"href":"https:\/\/onpartenvrac-drive.com\/index.php\/wp-json\/wp\/v2\/media\/17978"}],"wp:attachment":[{"href":"https:\/\/onpartenvrac-drive.com\/index.php\/wp-json\/wp\/v2\/media?parent=17977"}],"wp:term":[{"taxonomy":"product_brand","embeddable":true,"href":"https:\/\/onpartenvrac-drive.com\/index.php\/wp-json\/wp\/v2\/product_brand?post=17977"},{"taxonomy":"product_cat","embeddable":true,"href":"https:\/\/onpartenvrac-drive.com\/index.php\/wp-json\/wp\/v2\/product_cat?post=17977"},{"taxonomy":"product_tag","embeddable":true,"href":"https:\/\/onpartenvrac-drive.com\/index.php\/wp-json\/wp\/v2\/product_tag?post=17977"}],"curies":[{"name":"wp","href":"https:\/\/api.w.org\/{rel}","templated":true}]}}