{"id":4810,"date":"2019-03-15T22:22:47","date_gmt":"2019-03-15T21:22:47","guid":{"rendered":"https:\/\/onpartenvrac-drive.com\/?post_type=product&#038;p=4810"},"modified":"2025-09-04T16:22:34","modified_gmt":"2025-09-04T14:22:34","slug":"filtre-a-charbon","status":"publish","type":"product","link":"https:\/\/onpartenvrac-drive.com\/index.php\/produit\/filtre-a-charbon\/","title":{"rendered":"B\u00e2ton filtre \u00e0 charbon actif fran\u00e7ais"},"content":{"rendered":"","protected":false},"excerpt":{"rendered":"","protected":false},"featured_media":4812,"template":"","meta":{"_acf_changed":false},"product_brand":[],"product_cat":[17,51,54],"product_tag":[],"class_list":{"0":"post-4810","1":"product","2":"type-product","3":"status-publish","4":"has-post-thumbnail","6":"product_cat-indispensables","7":"product_cat-dans-la-cuisine","8":"product_cat-pour-se-faire-ou-faire-plaisir","10":"first","11":"instock","12":"shipping-taxable","13":"purchasable","14":"product-type-simple"},"acf":[],"_links":{"self":[{"href":"https:\/\/onpartenvrac-drive.com\/index.php\/wp-json\/wp\/v2\/product\/4810","targetHints":{"allow":["GET"]}}],"collection":[{"href":"https:\/\/onpartenvrac-drive.com\/index.php\/wp-json\/wp\/v2\/product"}],"about":[{"href":"https:\/\/onpartenvrac-drive.com\/index.php\/wp-json\/wp\/v2\/types\/product"}],"wp:featuredmedia":[{"embeddable":true,"href":"https:\/\/onpartenvrac-drive.com\/index.php\/wp-json\/wp\/v2\/media\/4812"}],"wp:attachment":[{"href":"https:\/\/onpartenvrac-drive.com\/index.php\/wp-json\/wp\/v2\/media?parent=4810"}],"wp:term":[{"taxonomy":"product_brand","embeddable":true,"href":"https:\/\/onpartenvrac-drive.com\/index.php\/wp-json\/wp\/v2\/product_brand?post=4810"},{"taxonomy":"product_cat","embeddable":true,"href":"https:\/\/onpartenvrac-drive.com\/index.php\/wp-json\/wp\/v2\/product_cat?post=4810"},{"taxonomy":"product_tag","embeddable":true,"href":"https:\/\/onpartenvrac-drive.com\/index.php\/wp-json\/wp\/v2\/product_tag?post=4810"}],"curies":[{"name":"wp","href":"https:\/\/api.w.org\/{rel}","templated":true}]}}