{"id":546,"date":"2018-06-19T15:05:47","date_gmt":"2018-06-19T13:05:47","guid":{"rendered":"https:\/\/onpartenvrac-drive.com\/?post_type=product&#038;p=546"},"modified":"2021-05-24T14:30:02","modified_gmt":"2021-05-24T12:30:02","slug":"livre-zero-dechet-bea-johnson","status":"publish","type":"product","link":"https:\/\/onpartenvrac-drive.com\/index.php\/produit\/livre-zero-dechet-bea-johnson\/","title":{"rendered":"Livre Z\u00e9ro d\u00e9chet B\u00e9a Johnson"},"content":{"rendered":"","protected":false},"excerpt":{"rendered":"","protected":false},"featured_media":2131,"template":"","meta":{"_acf_changed":false},"product_brand":[],"product_cat":[17,54],"product_tag":[],"class_list":{"0":"post-546","1":"product","2":"type-product","3":"status-publish","4":"has-post-thumbnail","6":"product_cat-indispensables","7":"product_cat-pour-se-faire-ou-faire-plaisir","9":"first","10":"instock","11":"shipping-taxable","12":"purchasable","13":"product-type-simple"},"acf":[],"_links":{"self":[{"href":"https:\/\/onpartenvrac-drive.com\/index.php\/wp-json\/wp\/v2\/product\/546","targetHints":{"allow":["GET"]}}],"collection":[{"href":"https:\/\/onpartenvrac-drive.com\/index.php\/wp-json\/wp\/v2\/product"}],"about":[{"href":"https:\/\/onpartenvrac-drive.com\/index.php\/wp-json\/wp\/v2\/types\/product"}],"wp:featuredmedia":[{"embeddable":true,"href":"https:\/\/onpartenvrac-drive.com\/index.php\/wp-json\/wp\/v2\/media\/2131"}],"wp:attachment":[{"href":"https:\/\/onpartenvrac-drive.com\/index.php\/wp-json\/wp\/v2\/media?parent=546"}],"wp:term":[{"taxonomy":"product_brand","embeddable":true,"href":"https:\/\/onpartenvrac-drive.com\/index.php\/wp-json\/wp\/v2\/product_brand?post=546"},{"taxonomy":"product_cat","embeddable":true,"href":"https:\/\/onpartenvrac-drive.com\/index.php\/wp-json\/wp\/v2\/product_cat?post=546"},{"taxonomy":"product_tag","embeddable":true,"href":"https:\/\/onpartenvrac-drive.com\/index.php\/wp-json\/wp\/v2\/product_tag?post=546"}],"curies":[{"name":"wp","href":"https:\/\/api.w.org\/{rel}","templated":true}]}}