{"id":569,"date":"2018-06-25T23:52:34","date_gmt":"2018-06-25T21:52:34","guid":{"rendered":"https:\/\/onpartenvrac-drive.com\/?post_type=product&#038;p=569"},"modified":"2025-11-12T16:49:33","modified_gmt":"2025-11-12T15:49:33","slug":"cafe-colombie-torrefie-en-local-moulu","status":"publish","type":"product","link":"https:\/\/onpartenvrac-drive.com\/index.php\/produit\/cafe-colombie-torrefie-en-local-moulu\/","title":{"rendered":"Caf\u00e9 Blend torr\u00e9fi\u00e9 en Bretagne &#8211; MOULU"},"content":{"rendered":"","protected":false},"excerpt":{"rendered":"","protected":false},"featured_media":2537,"template":"","meta":{"_acf_changed":false},"product_brand":[],"product_cat":[412],"product_tag":[],"class_list":{"0":"post-569","1":"product","2":"type-product","3":"status-publish","4":"has-post-thumbnail","6":"product_cat-cafe-the-sirop","8":"first","9":"instock","10":"shipping-taxable","11":"purchasable","12":"product-type-variable"},"acf":[],"_links":{"self":[{"href":"https:\/\/onpartenvrac-drive.com\/index.php\/wp-json\/wp\/v2\/product\/569","targetHints":{"allow":["GET"]}}],"collection":[{"href":"https:\/\/onpartenvrac-drive.com\/index.php\/wp-json\/wp\/v2\/product"}],"about":[{"href":"https:\/\/onpartenvrac-drive.com\/index.php\/wp-json\/wp\/v2\/types\/product"}],"wp:featuredmedia":[{"embeddable":true,"href":"https:\/\/onpartenvrac-drive.com\/index.php\/wp-json\/wp\/v2\/media\/2537"}],"wp:attachment":[{"href":"https:\/\/onpartenvrac-drive.com\/index.php\/wp-json\/wp\/v2\/media?parent=569"}],"wp:term":[{"taxonomy":"product_brand","embeddable":true,"href":"https:\/\/onpartenvrac-drive.com\/index.php\/wp-json\/wp\/v2\/product_brand?post=569"},{"taxonomy":"product_cat","embeddable":true,"href":"https:\/\/onpartenvrac-drive.com\/index.php\/wp-json\/wp\/v2\/product_cat?post=569"},{"taxonomy":"product_tag","embeddable":true,"href":"https:\/\/onpartenvrac-drive.com\/index.php\/wp-json\/wp\/v2\/product_tag?post=569"}],"curies":[{"name":"wp","href":"https:\/\/api.w.org\/{rel}","templated":true}]}}