{"id":6349,"date":"2019-10-06T21:46:15","date_gmt":"2019-10-06T19:46:15","guid":{"rendered":"https:\/\/onpartenvrac-drive.com\/?post_type=product&#038;p=6349"},"modified":"2025-12-11T17:33:31","modified_gmt":"2025-12-11T16:33:31","slug":"baume-fondant-deodorant-sans-huiles-essentielles-local-bio","status":"publish","type":"product","link":"https:\/\/onpartenvrac-drive.com\/index.php\/produit\/baume-fondant-deodorant-sans-huiles-essentielles-local-bio\/","title":{"rendered":"Baume fondant d\u00e9odorant solide v\u00e9g\u00e9tal sans huiles essentielles- Local &#038;  bio &#8211; Antheya &#8211; Calais"},"content":{"rendered":"","protected":false},"excerpt":{"rendered":"","protected":false},"featured_media":17980,"template":"","meta":{"_acf_changed":false},"product_brand":[],"product_cat":[19,46],"product_tag":[],"class_list":{"0":"post-6349","1":"product","2":"type-product","3":"status-publish","4":"has-post-thumbnail","6":"product_cat-savons-cosmetiques","7":"product_cat-deo","9":"first","10":"instock","11":"shipping-taxable","12":"purchasable","13":"product-type-simple"},"acf":[],"_links":{"self":[{"href":"https:\/\/onpartenvrac-drive.com\/index.php\/wp-json\/wp\/v2\/product\/6349","targetHints":{"allow":["GET"]}}],"collection":[{"href":"https:\/\/onpartenvrac-drive.com\/index.php\/wp-json\/wp\/v2\/product"}],"about":[{"href":"https:\/\/onpartenvrac-drive.com\/index.php\/wp-json\/wp\/v2\/types\/product"}],"wp:featuredmedia":[{"embeddable":true,"href":"https:\/\/onpartenvrac-drive.com\/index.php\/wp-json\/wp\/v2\/media\/17980"}],"wp:attachment":[{"href":"https:\/\/onpartenvrac-drive.com\/index.php\/wp-json\/wp\/v2\/media?parent=6349"}],"wp:term":[{"taxonomy":"product_brand","embeddable":true,"href":"https:\/\/onpartenvrac-drive.com\/index.php\/wp-json\/wp\/v2\/product_brand?post=6349"},{"taxonomy":"product_cat","embeddable":true,"href":"https:\/\/onpartenvrac-drive.com\/index.php\/wp-json\/wp\/v2\/product_cat?post=6349"},{"taxonomy":"product_tag","embeddable":true,"href":"https:\/\/onpartenvrac-drive.com\/index.php\/wp-json\/wp\/v2\/product_tag?post=6349"}],"curies":[{"name":"wp","href":"https:\/\/api.w.org\/{rel}","templated":true}]}}