{"id":9892,"date":"2020-07-01T17:38:46","date_gmt":"2020-07-01T15:38:46","guid":{"rendered":"https:\/\/onpartenvrac-drive.com\/?post_type=product&#038;p=9892"},"modified":"2023-09-26T17:25:48","modified_gmt":"2023-09-26T15:25:48","slug":"synergie-soiree-dete-bio","status":"publish","type":"product","link":"https:\/\/onpartenvrac-drive.com\/index.php\/produit\/synergie-soiree-dete-bio\/","title":{"rendered":"Synergie soir\u00e9e d&rsquo;\u00e9t\u00e9 &#8211; Bio"},"content":{"rendered":"","protected":false},"excerpt":{"rendered":"","protected":false},"featured_media":9894,"template":"","meta":{"_acf_changed":false},"product_brand":[],"product_cat":[19,47],"product_tag":[],"class_list":{"0":"post-9892","1":"product","2":"type-product","3":"status-publish","4":"has-post-thumbnail","6":"product_cat-savons-cosmetiques","7":"product_cat-soins","9":"first","10":"instock","11":"sale","12":"shipping-taxable","13":"purchasable","14":"product-type-simple"},"acf":[],"_links":{"self":[{"href":"https:\/\/onpartenvrac-drive.com\/index.php\/wp-json\/wp\/v2\/product\/9892","targetHints":{"allow":["GET"]}}],"collection":[{"href":"https:\/\/onpartenvrac-drive.com\/index.php\/wp-json\/wp\/v2\/product"}],"about":[{"href":"https:\/\/onpartenvrac-drive.com\/index.php\/wp-json\/wp\/v2\/types\/product"}],"wp:featuredmedia":[{"embeddable":true,"href":"https:\/\/onpartenvrac-drive.com\/index.php\/wp-json\/wp\/v2\/media\/9894"}],"wp:attachment":[{"href":"https:\/\/onpartenvrac-drive.com\/index.php\/wp-json\/wp\/v2\/media?parent=9892"}],"wp:term":[{"taxonomy":"product_brand","embeddable":true,"href":"https:\/\/onpartenvrac-drive.com\/index.php\/wp-json\/wp\/v2\/product_brand?post=9892"},{"taxonomy":"product_cat","embeddable":true,"href":"https:\/\/onpartenvrac-drive.com\/index.php\/wp-json\/wp\/v2\/product_cat?post=9892"},{"taxonomy":"product_tag","embeddable":true,"href":"https:\/\/onpartenvrac-drive.com\/index.php\/wp-json\/wp\/v2\/product_tag?post=9892"}],"curies":[{"name":"wp","href":"https:\/\/api.w.org\/{rel}","templated":true}]}}